{"id":4467,"date":"2025-03-19T12:09:55","date_gmt":"2025-03-19T11:09:55","guid":{"rendered":"https:\/\/www.fotikozszolg.hu\/?page_id=4467"},"modified":"2025-04-02T09:42:13","modified_gmt":"2025-04-02T07:42:13","slug":"sutogetok","status":"publish","type":"page","link":"https:\/\/www.fotikozszolg.hu\/?page_id=4467","title":{"rendered":"S\u00fct\u00f6get\u0151k"},"content":{"rendered":"\t\t<div data-elementor-type=\"wp-page\" data-elementor-id=\"4467\" class=\"elementor elementor-4467\">\n\t\t\t\t<div class=\"elementor-element elementor-element-80d7ea0 e-flex e-con-boxed e-con e-parent\" data-id=\"80d7ea0\" data-element_type=\"container\">\n\t\t\t\t\t<div class=\"e-con-inner\">\n\t\t\t\t<div class=\"elementor-element elementor-element-591c7c0 elementor-widget elementor-widget-image\" data-id=\"591c7c0\" data-element_type=\"widget\" data-widget_type=\"image.default\">\n\t\t\t\t<div class=\"elementor-widget-container\">\n\t\t\t\t\t\t\t\t\t\t\t\t\t\t\t<img fetchpriority=\"high\" decoding=\"async\" width=\"768\" height=\"433\" src=\"https:\/\/www.fotikozszolg.hu\/wp-content\/uploads\/2025\/04\/su\u0308to\u0308geto\u030b.jpg\" class=\"attachment-large size-large wp-image-4772\" alt=\"\" srcset=\"https:\/\/www.fotikozszolg.hu\/wp-content\/uploads\/2025\/04\/su\u0308to\u0308geto\u030b.jpg 768w, https:\/\/www.fotikozszolg.hu\/wp-content\/uploads\/2025\/04\/su\u0308to\u0308geto\u030b-300x169.jpg 300w\" sizes=\"(max-width: 768px) 100vw, 768px\" \/>\t\t\t\t\t\t\t\t\t\t\t\t\t\t\t<\/div>\n\t\t\t\t<\/div>\n\t\t\t\t\t<\/div>\n\t\t\t\t<\/div>\n\t\t<div class=\"elementor-element elementor-element-cd0faee e-flex e-con-boxed e-con e-parent\" data-id=\"cd0faee\" data-element_type=\"container\">\n\t\t\t\t\t<div class=\"e-con-inner\">\n\t\t<div class=\"elementor-element elementor-element-a7a7cf1 e-con-full e-flex e-con e-child\" data-id=\"a7a7cf1\" data-element_type=\"container\">\n\t\t\t\t<div class=\"elementor-element elementor-element-ee368e2 elementor-widget elementor-widget-text-editor\" data-id=\"ee368e2\" data-element_type=\"widget\" data-widget_type=\"text-editor.default\">\n\t\t\t\t<div class=\"elementor-widget-container\">\n\t\t\t\t\t\t\t\t\t<p><a href=\"https:\/\/www.fotikozszolg.hu\/wp-content\/uploads\/2025\/04\/Tulajdonosihozzajarulassutogeto.pdf\">Tulajdonosi hozz\u00e1j\u00e1rul\u00e1s<\/a><\/p><p>\u00a0<\/p>\t\t\t\t\t\t\t\t<\/div>\n\t\t\t\t<\/div>\n\t\t\t\t<\/div>\n\t\t\t\t\t<\/div>\n\t\t\t\t<\/div>\n\t\t\t\t<\/div>\n\t\t","protected":false},"excerpt":{"rendered":"<p>Tulajdonosi hozz\u00e1j\u00e1rul\u00e1s \u00a0<\/p>\n","protected":false},"author":1,"featured_media":0,"parent":0,"menu_order":0,"comment_status":"closed","ping_status":"closed","template":"","meta":{"footnotes":""},"class_list":["post-4467","page","type-page","status-publish","hentry"],"_links":{"self":[{"href":"https:\/\/www.fotikozszolg.hu\/index.php?rest_route=\/wp\/v2\/pages\/4467","targetHints":{"allow":["GET"]}}],"collection":[{"href":"https:\/\/www.fotikozszolg.hu\/index.php?rest_route=\/wp\/v2\/pages"}],"about":[{"href":"https:\/\/www.fotikozszolg.hu\/index.php?rest_route=\/wp\/v2\/types\/page"}],"author":[{"embeddable":true,"href":"https:\/\/www.fotikozszolg.hu\/index.php?rest_route=\/wp\/v2\/users\/1"}],"replies":[{"embeddable":true,"href":"https:\/\/www.fotikozszolg.hu\/index.php?rest_route=%2Fwp%2Fv2%2Fcomments&post=4467"}],"version-history":[{"count":5,"href":"https:\/\/www.fotikozszolg.hu\/index.php?rest_route=\/wp\/v2\/pages\/4467\/revisions"}],"predecessor-version":[{"id":4777,"href":"https:\/\/www.fotikozszolg.hu\/index.php?rest_route=\/wp\/v2\/pages\/4467\/revisions\/4777"}],"wp:attachment":[{"href":"https:\/\/www.fotikozszolg.hu\/index.php?rest_route=%2Fwp%2Fv2%2Fmedia&parent=4467"}],"curies":[{"name":"wp","href":"https:\/\/api.w.org\/{rel}","templated":true}]}}