{"id":4463,"date":"2025-03-19T12:09:22","date_gmt":"2025-03-19T11:09:22","guid":{"rendered":"https:\/\/www.fotikozszolg.hu\/?page_id=4463"},"modified":"2025-04-02T09:38:28","modified_gmt":"2025-04-02T07:38:28","slug":"barsony-fot","status":"publish","type":"page","link":"https:\/\/www.fotikozszolg.hu\/?page_id=4463","title":{"rendered":"B\u00e1rsony F\u00f3t"},"content":{"rendered":"\t\t<div data-elementor-type=\"wp-page\" data-elementor-id=\"4463\" class=\"elementor elementor-4463\">\n\t\t\t\t<div class=\"elementor-element elementor-element-14b6775 e-flex e-con-boxed e-con e-parent\" data-id=\"14b6775\" data-element_type=\"container\" data-e-type=\"container\">\n\t\t\t\t\t<div class=\"e-con-inner\">\n\t\t\t\t<div class=\"elementor-element elementor-element-38205bb elementor-widget elementor-widget-text-editor\" data-id=\"38205bb\" data-element_type=\"widget\" data-e-type=\"widget\" data-widget_type=\"text-editor.default\">\n\t\t\t\t<div class=\"elementor-widget-container\">\n\t\t\t\t\t\t\t\t\t<p class=\"p1\"><b>B\u00e1rsony F\u00f3t Projekt<\/b><b><\/b><\/p><p class=\"p3\"><b><i>Kivonata a F\u00f3ti K\u00f6zszolg\u00e1ltat\u00f3 Kft szemsz\u00f6g\u00e9b\u0151l<\/i><\/b><b><i><\/i><\/b><\/p><p class=\"p3\"><b>A B\u00e1rsony F\u00f3t elnevez\u00e9s: jelenti a hagyom\u00e1nyt, fejl\u0151d\u00e9st egyar\u00e1nt.<\/b><b><\/b><\/p><p class=\"p1\"><b>A projekt \u00fczenete, c\u00e9lkit\u0171z\u00e9sei:<\/b><b><\/b><\/p><ul class=\"ul1\"><li class=\"li1\">v\u00e1rosi parksarok kialak\u00edt\u00e1sa: -eszt\u00e9tikai jelent\u0151s\u00e9g\u00fck\u00f6n t\u00fal k\u00f6zvetlen k\u00e9nyelmi \u00e9s k\u00f6z\u00f6ss\u00e9gszervez\u0151 funkci\u00f3val is b\u00edrhatnak.<\/li><li class=\"li1\">\u00e1ltal\u00e1nos szeml\u00e9letm\u00f3d kialak\u00edt\u00e1sa v\u00e1rosi k\u00f6zleked\u00e9s, valamint a v\u00e1rosi beruh\u00e1z\u00e1sok, fel\u00faj\u00edt\u00e1sok tere.<\/li><li class=\"li1\">k\u00f6rnyezet rendez\u00e9se, z\u00f6ldfel\u00fclet, telep\u00fcl\u00e9sk\u00e9pi \u00e9s k\u00f6zleked\u00e9si tekintetben is<\/li><li class=\"li1\">z\u00f6ldfel\u00fcletek fel\u00faj\u00edt\u00e1sa, korszer\u0171s\u00edt\u00e9se, \u00fajra alak\u00edt\u00e1sa, bevon\u00e1sa, foltszer\u0171 \u00e9s vonalas z\u00f6ldfel\u00fcleteket.<\/li><li class=\"li1\">v\u00e1rosi \u00fath\u00e1l\u00f3zat korszer\u0171s\u00edt\u00e9se; \u00fattestek szil\u00e1rd burkolat, csapad\u00e9kv\u00edz elvezet\u00e9se, akad\u00e1lymentes, megfelel\u0151en sz\u00e9les j\u00e1rda, ker\u00e9kp\u00e1r\u00fat.<\/li><li class=\"li1\">F\u00f3ti-t\u00f3, K\u00e1rolyi-kast\u00e9ly parkja, Somly\u00f3 a tan\u00f6sv\u00e9nnyel, \u00d6reghegy gondoz\u00e1sa<\/li><\/ul><p class=\"p1\"><b>K\u00f6zparkok, k\u00f6zkertek, lakott ter\u00fcleten k\u00edv\u00fcli z\u00f6ld fel\u00fcletek fejleszt\u00e9se<\/b><b><\/b><\/p><ul class=\"ul1\"><li class=\"li1\">V\u00e1rosi parkok kialak\u00edt\u00e1sa, megl\u00e9v\u0151k rehabilit\u00e1ci\u00f3ja<\/li><li class=\"li1\">fenntart\u00e1s, differenci\u00e1l\u00f3d\u00e1s<\/li><li class=\"li1\">k\u00f6zparkok funkci\u00f3v\u00e1lt\u00e1sa, akt\u00edv parkok, j\u00e1tsz\u00f3terek, pihen\u0151parkok kialak\u00edt\u00e1sa<\/li><li class=\"li1\">csal\u00e1di sz\u00f3rakoztat\u00f3- \u00e9s \u00e9lm\u00e9nypark; Somly\u00f3-t\u00f3 k\u00f6r\u00fcli ter\u00fclet fejleszt\u00e9se<\/li><li class=\"li1\">Sportp\u00e1lya, szabadt\u00e9ri Fitnesz-park tornaeszk\u00f6z\u00f6kkel, fut\u00f3k\u00f6rrel<\/li><\/ul><p class=\"p1\"><b>Lakoss\u00e1g bevon\u00e1sa, motiv\u00e1l\u00e1sa<\/b><b><\/b><\/p><p class=\"p1\">\u00a0\u00a0\u00a0\u00a0\u00a0\u00a0\u00a0\u00a0\u00a0\u00a0\u00a0\u00a0\u00a0\u00a0\u00a0\u00a0\u00a0\u00a0\u00a0Az itt lak\u00f3k akt\u00edv k\u00f6zrem\u0171k\u00f6d\u00e9se kiemelten fontos -sz\u00e1m\u00edtunk r\u00e1!<\/p><p class=\"p1\"><span class=\"s2\">Lehet\u0151s\u00e9gei<\/span>:<\/p><p class=\"p1\"><b>Park \u2013 \u00e9s utcagondnoki program<\/b><b><\/b><\/p><ul class=\"ul1\"><li class=\"li1\">a v\u00e1ros \u00e1ltal rendelkez\u00e9s\u00fckre bocs\u00e1tott eszk\u00f6z\u00f6kkel lak\u00f3k\u00f6rnyezet\u00fckben l\u00e9v\u0151 parkot, utc\u00e1t; utcar\u00e9szletet rendben tartj\u00e1k, t\u00e9rb\u00fatorok, hib\u00e1kat jav\u00edtj\u00e1k, egy\u00fcttm\u0171k\u00f6dnek Nonprofit Kft munkat\u00e1rsaival.<\/li><li class=\"li1\">Feladatuk kett\u0151s: telep\u00fcl\u00e9s\u00fck sz\u00e9p\u00edt\u00e9se; k\u00f6z\u00f6ss\u00e9gform\u00e1l\u00f3 szerep.<\/li><\/ul><p class=\"p1\"><b>F\u00f3t l\u00e9p&#8211;F\u00f3ti Lakoss\u00e1gi \u00c9rdekelts\u00e9gi Program<\/b><b><\/b><\/p><ul class=\"ul1\"><li class=\"li1\">Olyan feladatokban val\u00f3 akt\u00edv r\u00e9szv\u00e9tel, amelyek nem ig\u00e9nyelnek szak\u00e9rtelmet. K\u00f6z\u00f6sen, az \u00f6nkorm\u00e1nyzat \u00e1ltal biztos\u00edtott anyagok, eszk\u00f6z\u00f6k, tervez\u00e9s, szakmai ir\u00e1ny\u00edt\u00e1s mellett a lak\u00f3k, lak\u00f3k\u00f6z\u00f6ss\u00e9gek, helyi civil szervezetek tagjainak r\u00e9szv\u00e9tel\u00e9vel v\u00e9gezz\u00fck el.<\/li><\/ul><p class=\"p1\"><b>\u00a0V\u00e9dn\u00f6ki program<\/b><b><\/b><\/p><ul class=\"ul1\"><li class=\"li1\">A v\u00e1rosban m\u0171k\u00f6d\u0151 v\u00e1llalkoz\u00e1sokkal val\u00f3 egy\u00fcttm\u0171k\u00f6d\u00e9st mozd\u00edtsa el\u0151, egyedileg t\u00e1rgyalt felt\u00e9telrendszerrel, r\u00f6gz\u00edtett meg\u00e1llapod\u00e1s alapj\u00e1n.<\/li><\/ul><p class=\"p1\"><b>A F\u00f3ti K\u00f6zszolg\u00e1ltat\u00f3 Kft 2018-as \u00e9vre tervezett, elv\u00e9gzett feladataink a B\u00e1rsony F\u00f3t Projekt keretein bel\u00fcl:<\/b><b><\/b><\/p><p class=\"p1\">&#8211; \u00a0\u00a0\u00a0\u00a0\u00a0\u00a0\u00a0\u00a0\u00a0KRESZ-park \u00f6tlete \u00e9s kivitelez\u00e9se a t\u00f3n\u00e1l<\/p><p class=\"p1\">&#8211; \u00a0\u00a0\u00a0\u00a0\u00a0\u00a0\u00a0\u00a0\u00a0vir\u00e1gsziget kialak\u00edt\u00e1sa a M\u00f3ricz Zsigmond utc\u00e1ban<\/p><p class=\"p1\">&#8211; \u00a0\u00a0\u00a0\u00a0\u00a0\u00a0\u00a0\u00a0\u00a0Katolikus templom el\u0151tti k\u00f6r\u00edv gondoz\u00e1sba v\u00e9tele, n\u00f6v\u00e9nyekkel val\u00f3 be\u00fcltet\u00e9se<\/p><p class=\"p1\">&#8211; \u00a0\u00a0\u00a0\u00a0\u00a0\u00a0\u00a0\u00a0\u00a0D\u00f3zsa Gy\u00f6rgy \u00fat \u2013 Kossuth Lajos \u00fat keresztez\u0151d\u00e9s\u00e9ben vir\u00e1gszigetet alak\u00edtottunk ki<\/p><p class=\"p1\">&#8211; \u00a0\u00a0\u00a0\u00a0\u00a0\u00a0\u00a0\u00a0\u00a0K\u00e1rolyi \u00fati t\u00f6lt\u0151\u00e1llom\u00e1st\u00f3l cserjesort \u00fcltett\u00fcnk a V\u00f6r\u00f6smarty t\u00e9rig<\/p><p class=\"p1\">&#8211; \u00a0\u00a0\u00a0\u00a0\u00a0\u00a0\u00a0\u00a0\u00a0BUSZ \u2013 v\u00e1r\u00f3(k) fel\u00faj\u00edt\u00e1sa.<\/p><p class=\"p1\"><b>Az idei \u00e9vben m\u00e9g el\u0151tt\u00fcnk \u00e1ll\u00f3 feladatok:<\/b><b><\/b><\/p><p class=\"p1\">\u00a0\u00a0\u00a0\u00a0\u00a0\u00a0\u00a0\u00a0\u00a0\u00a0-v\u00e9d\u0151oszlopok, g\u00e9pj\u00e1rm\u0171vek j\u00e1rd\u00e1kra val\u00f3 feljut\u00e1s\u00e1nak korl\u00e1toz\u00e1sa a j\u00e1r\u00f3kel\u0151k v\u00e9delm\u00e9ben<\/p><p class=\"p1\">\u00a0\u00a0\u00a0\u00a0\u00a0\u00a0\u00a0\u00a0\u00a0\u00a0\u00a0-N\u00e9meth K\u00e1lm\u00e1n \u00fati cserjesor \u00fcltet\u00e9se<\/p><p class=\"p1\">\u00a0\u00a0\u00a0\u00a0\u00a0\u00a0\u00a0\u00a0\u00a0\u00a0\u00a0-Tov\u00e1bbi buszmeg\u00e1ll\u00f3k fel\u00faj\u00edt\u00e1sa (\u00f6sszesen 10db)<\/p>\t\t\t\t\t\t\t\t<\/div>\n\t\t\t\t<\/div>\n\t\t\t\t\t<\/div>\n\t\t\t\t<\/div>\n\t\t\t\t<\/div>\n\t\t","protected":false},"excerpt":{"rendered":"<p>B\u00e1rsony F\u00f3t Projekt Kivonata a F\u00f3ti K\u00f6zszolg\u00e1ltat\u00f3 Kft szemsz\u00f6g\u00e9b\u0151l A B\u00e1rsony F\u00f3t elnevez\u00e9s: jelenti a hagyom\u00e1nyt, fejl\u0151d\u00e9st egyar\u00e1nt. A projekt \u00fczenete, c\u00e9lkit\u0171z\u00e9sei: v\u00e1rosi parksarok kialak\u00edt\u00e1sa:&hellip;<\/p>\n","protected":false},"author":1,"featured_media":0,"parent":0,"menu_order":0,"comment_status":"closed","ping_status":"closed","template":"","meta":{"footnotes":""},"class_list":["post-4463","page","type-page","status-publish","hentry"],"_links":{"self":[{"href":"https:\/\/www.fotikozszolg.hu\/index.php?rest_route=\/wp\/v2\/pages\/4463","targetHints":{"allow":["GET"]}}],"collection":[{"href":"https:\/\/www.fotikozszolg.hu\/index.php?rest_route=\/wp\/v2\/pages"}],"about":[{"href":"https:\/\/www.fotikozszolg.hu\/index.php?rest_route=\/wp\/v2\/types\/page"}],"author":[{"embeddable":true,"href":"https:\/\/www.fotikozszolg.hu\/index.php?rest_route=\/wp\/v2\/users\/1"}],"replies":[{"embeddable":true,"href":"https:\/\/www.fotikozszolg.hu\/index.php?rest_route=%2Fwp%2Fv2%2Fcomments&post=4463"}],"version-history":[{"count":5,"href":"https:\/\/www.fotikozszolg.hu\/index.php?rest_route=\/wp\/v2\/pages\/4463\/revisions"}],"predecessor-version":[{"id":4771,"href":"https:\/\/www.fotikozszolg.hu\/index.php?rest_route=\/wp\/v2\/pages\/4463\/revisions\/4771"}],"wp:attachment":[{"href":"https:\/\/www.fotikozszolg.hu\/index.php?rest_route=%2Fwp%2Fv2%2Fmedia&parent=4463"}],"curies":[{"name":"wp","href":"https:\/\/api.w.org\/{rel}","templated":true}]}}