{"id":4459,"date":"2025-03-19T12:08:56","date_gmt":"2025-03-19T11:08:56","guid":{"rendered":"https:\/\/www.fotikozszolg.hu\/?page_id=4459"},"modified":"2025-12-09T10:47:19","modified_gmt":"2025-12-09T09:47:19","slug":"kegyeletszolgalat","status":"publish","type":"page","link":"https:\/\/www.fotikozszolg.hu\/?page_id=4459","title":{"rendered":"Temet\u0151 \u00fczemeltet\u00e9s"},"content":{"rendered":"\t\t<div data-elementor-type=\"wp-page\" data-elementor-id=\"4459\" class=\"elementor elementor-4459\">\n\t\t\t\t<div class=\"elementor-element elementor-element-4ea6153 e-flex e-con-boxed e-con e-parent\" data-id=\"4ea6153\" data-element_type=\"container\">\n\t\t\t\t\t<div class=\"e-con-inner\">\n\t\t\t\t<div class=\"elementor-element elementor-element-c504de5 elementor-widget elementor-widget-text-editor\" data-id=\"c504de5\" data-element_type=\"widget\" data-widget_type=\"text-editor.default\">\n\t\t\t\t<div class=\"elementor-widget-container\">\n\t\t\t\t\t\t\t\t\t<h3>Szolg\u00e1ltat\u00e1si d\u00edjak<\/h3><p>A F\u00f3ti K\u00f6zszolg\u00e1ltat\u00f3 Nonprofit Kft. egyik tev\u00e9kenys\u00e9gi k\u00f6re a temet\u0151 \u00fczemeltet\u00e9s, s\u00edrhelyek \u00e9s \u00e9rv\u00e9nyess\u00e9gi idej\u00fck nyilv\u00e1ntart\u00e1sa.<\/p><p><strong>Irod\u00e1nk c\u00edme:<\/strong> 2151 F\u00f3t Malom utca 1. Tel.:06-70\/469-7265<\/p><p><strong>\u00dcgyf\u00e9lfogad\u00e1s:<\/strong> h\u00e9tf\u0151-cs\u00fct\u00f6rt\u00f6k 8:30-15:00, p\u00e9ntek 8:30-13:00 k\u00f6z\u00f6tt<\/p><p>Javasoljuk a telefonon t\u00f6rt\u00e9n\u0151 id\u0151pont egyeztet\u00e9st!<\/p><h4><strong>P\u00e9nzt\u00e1ri nyitvatart\u00e1s:<\/strong> az \u00fcgyf\u00e9lfogad\u00e1s ideje alatt.<\/h4><h4>Ez\u00faton h\u00edvjuk fel a tisztelt hozz\u00e1tartoz\u00f3k figyelm\u00e9t, a szeretteik nyughely\u00e9nek \u00fajra t\u00f6rt\u00e9n\u0151 megv\u00e1lt\u00e1s\u00e1ra!<\/h4><h4><strong>Temetkez\u00e9si fenntart\u00f3i \u00e9s szolg\u00e1ltat\u00e1si d\u00edjak 2026. janu\u00e1r 1-\u00e9t\u0151l<\/strong><\/h4><h5>F\u00f3t V\u00e1ros \u00d6nkorm\u00e1nyzata K\u00e9pvisel\u0151-test\u00fclet\u00e9nek 25\/2025 (XII. 1.) \u00f6nkorm\u00e1nyzati rendelet\u00e9nek 1. sz\u00e1m\u00fa mell\u00e9klete<br \/><strong><br \/><\/strong>A felt\u00fcntett \u00e1rak brutt\u00f3 \u00e1rak, tartalmazz\u00e1k a 27% \u00c1F\u00c1-t.<strong><br \/><\/strong><\/h5><table width=\"952\"><tbody><tr><td width=\"476\">Ravataloz\u00f3 haszn\u00e1lat<\/td><td width=\"476\">\u00a0<\/td><\/tr><tr><td width=\"476\">Elhunyt h\u0171t\u00e9se (Ft\/nap)<\/td><td width=\"476\">3 700,00 Ft<\/td><\/tr><tr><td width=\"476\">L\u00e9tes\u00edtm\u00e9ny ig\u00e9nybev\u00e9tel\u00e9nek d\u00edja (Ft\/alkalom)<\/td><td width=\"476\">45 000,00 Ft<\/td><\/tr><tr><td width=\"476\">Ravataloz\u00e1s eszk\u00f6zeinek haszn\u00e1lati d\u00edja (Ft\/alkalom)<\/td><td width=\"476\">15 000,00 Ft<\/td><\/tr><tr><td width=\"476\">Kegyeleti szakszolg\u00e1ltat\u00e1s ravataloz\u00f3ban (Ft\/alkalom)<\/td><td width=\"476\">18 500,00 Ft<\/td><\/tr><tr><td width=\"476\">Ravataloz\u00e1s temet\u0151n, temetkez\u00e9si eml\u00e9khelyen bel\u00fcl (Ft\/alkalom)<\/td><td width=\"476\">18 500,00 Ft<\/td><\/tr><tr><td width=\"476\">Ravataloz\u00e1s temet\u0151n, temetkez\u00e9si eml\u00e9khelyen k\u00edv\u00fcl (Ft\/alkalom)<\/td><td width=\"476\">18 500,00 Ft<\/td><\/tr><tr><td width=\"476\">Sz\u00f3r\u00f3k\u00fat m\u0171k\u00f6d\u00e9se<\/td><td width=\"476\">\u00a0<\/td><\/tr><tr><td width=\"476\">Hamvak sz\u00f3r\u00e1sa temet\u0151ben (sz\u00f3r\u00f3k\u00fat)<\/td><td width=\"476\">31 750,00 Ft<\/td><\/tr><tr><td width=\"476\">Temetkez\u00e9si hely megv\u00e1lt\u00e1s\u00e1nak d\u00edja \u00e9s \u00fajrav\u00e1lt\u00e1s\u00e1nak d\u00edja<\/td><td width=\"476\">\u00a0<\/td><\/tr><tr><td width=\"476\">S\u00edrhely 25 \u00e9v szimpla (Ft\/s\u00edrhely)<\/td><td width=\"476\">50 000,00 Ft<\/td><\/tr><tr><td width=\"476\">S\u00edrhely 25 \u00e9v kett\u0151s (Ft\/s\u00edrhely)<\/td><td width=\"476\">90 000,00 Ft<\/td><\/tr><tr><td width=\"476\">Gyermeks\u00edrhely 25 \u00e9v (Ft\/s\u00edrhely)<\/td><td width=\"476\">30 000,00 Ft<\/td><\/tr><tr><td width=\"476\">Kolumb\u00e1rium 1 f\u00fclk\u00e9s 10 \u00e9v (Ft\/s\u00edrhely)<\/td><td width=\"476\">35 000,00 Ft<\/td><\/tr><tr><td width=\"476\">Kolumb\u00e1rium 2 f\u00fclk\u00e9s 10 \u00e9v (Ft\/s\u00edrhely)<\/td><td width=\"476\">53 000,00 Ft<\/td><\/tr><tr><td width=\"476\">Kripta szimpla 60 \u00e9v (Ft\/s\u00edrhely)<\/td><td width=\"476\">140 000,00 Ft<\/td><\/tr><tr><td width=\"476\">Kripta dupla 60 \u00e9v (Ft\/s\u00edrhely)<\/td><td width=\"476\">280 000,00 Ft<\/td><\/tr><tr><td width=\"476\">Kripta 4 szem\u00e9lyes 60 \u00e9v (Ft\/s\u00edrhely)<\/td><td width=\"476\">560 000,00 Ft<\/td><\/tr><tr><td width=\"476\">Urnakripta 20 \u00e9v (Ft\/s\u00edrkert)<\/td><td width=\"476\">100 000,00 Ft<\/td><\/tr><tr><td width=\"476\">Keszon s\u00edrhely 10 \u00e9v (Ft\/s\u00edrhely)<\/td><td width=\"476\">50 000,00 Ft<\/td><\/tr><tr><td width=\"476\">Hamvak elhelyez\u00e9se sz\u00f3r\u00f3k\u00fat ossz\u00e1riumban<\/td><td width=\"476\">38 100,00 Ft<\/td><\/tr><tr><td width=\"476\">Temet\u0151-fenntart\u00e1si hozz\u00e1j\u00e1rul\u00e1s<\/td><td width=\"476\">\u00a0<\/td><\/tr><tr><td width=\"476\">Temet\u0151-fenntart\u00e1si hozz\u00e1j\u00e1rul\u00e1s (temet\u0151ben munkav\u00e9gz\u00e9s) (Ft\/alkalom)<\/td><td width=\"476\">6 500,00 Ft<\/td><\/tr><\/tbody><\/table><p><strong>Nem F\u00f3t k\u00f6zigazgat\u00e1si ter\u00fclet\u00e9n bejelentett lak\u00f3hellyel rendelkez\u0151 elhunyt eset\u00e9n a temet\u00e9si hely + 100 % d\u00edjat kell felsz\u00e1molni.<\/strong><\/p>\t\t\t\t\t\t\t\t<\/div>\n\t\t\t\t<\/div>\n\t\t\t\t\t<\/div>\n\t\t\t\t<\/div>\n\t\t<div class=\"elementor-element elementor-element-b5c5d83 e-flex e-con-boxed e-con e-parent\" data-id=\"b5c5d83\" data-element_type=\"container\">\n\t\t\t\t\t<div class=\"e-con-inner\">\n\t\t\t\t<div class=\"elementor-element elementor-element-6f5300e elementor-widget elementor-widget-text-editor\" data-id=\"6f5300e\" data-element_type=\"widget\" data-widget_type=\"text-editor.default\">\n\t\t\t\t<div class=\"elementor-widget-container\">\n\t\t\t\t\t\t\t\t\t<p><a href=\"https:\/\/www.fotikozszolg.hu\/wp-content\/uploads\/2025\/12\/temeto_arak_2026.pdf\">Fenti \u00e1rlista let\u00f6lt\u00e9se pdf-ben.<\/a><\/p>\t\t\t\t\t\t\t\t<\/div>\n\t\t\t\t<\/div>\n\t\t\t\t\t<\/div>\n\t\t\t\t<\/div>\n\t\t<div class=\"elementor-element elementor-element-c23c0a9 e-flex e-con-boxed e-con e-parent\" data-id=\"c23c0a9\" data-element_type=\"container\">\n\t\t\t\t\t<div class=\"e-con-inner\">\n\t\t\t\t<div class=\"elementor-element elementor-element-06262e2 elementor-widget elementor-widget-text-editor\" data-id=\"06262e2\" data-element_type=\"widget\" data-widget_type=\"text-editor.default\">\n\t\t\t\t<div class=\"elementor-widget-container\">\n\t\t\t\t\t\t\t\t\t<p>Adatv\u00e9delmi t\u00e1j\u00e9koztat\u00f3:\u00a0 <a href=\"https:\/\/www.fotikozszolg.hu\/wp-content\/uploads\/2025\/04\/Kegyeleti-tevekenysegek-adatkezelesi-szabalyzata2019-2.pdf\">Kegyeleti-tevekenysegek-adatkezelesi-szabalyzata2019 <\/a><\/p>\t\t\t\t\t\t\t\t<\/div>\n\t\t\t\t<\/div>\n\t\t\t\t\t<\/div>\n\t\t\t\t<\/div>\n\t\t\t\t<\/div>\n\t\t","protected":false},"excerpt":{"rendered":"<p>Szolg\u00e1ltat\u00e1si d\u00edjak A F\u00f3ti K\u00f6zszolg\u00e1ltat\u00f3 Nonprofit Kft. egyik tev\u00e9kenys\u00e9gi k\u00f6re a temet\u0151 \u00fczemeltet\u00e9s, s\u00edrhelyek \u00e9s \u00e9rv\u00e9nyess\u00e9gi idej\u00fck nyilv\u00e1ntart\u00e1sa. Irod\u00e1nk c\u00edme: 2151 F\u00f3t Malom utca 1.&hellip;<\/p>\n","protected":false},"author":1,"featured_media":0,"parent":0,"menu_order":0,"comment_status":"closed","ping_status":"closed","template":"","meta":{"footnotes":""},"class_list":["post-4459","page","type-page","status-publish","hentry"],"_links":{"self":[{"href":"https:\/\/www.fotikozszolg.hu\/index.php?rest_route=\/wp\/v2\/pages\/4459","targetHints":{"allow":["GET"]}}],"collection":[{"href":"https:\/\/www.fotikozszolg.hu\/index.php?rest_route=\/wp\/v2\/pages"}],"about":[{"href":"https:\/\/www.fotikozszolg.hu\/index.php?rest_route=\/wp\/v2\/types\/page"}],"author":[{"embeddable":true,"href":"https:\/\/www.fotikozszolg.hu\/index.php?rest_route=\/wp\/v2\/users\/1"}],"replies":[{"embeddable":true,"href":"https:\/\/www.fotikozszolg.hu\/index.php?rest_route=%2Fwp%2Fv2%2Fcomments&post=4459"}],"version-history":[{"count":27,"href":"https:\/\/www.fotikozszolg.hu\/index.php?rest_route=\/wp\/v2\/pages\/4459\/revisions"}],"predecessor-version":[{"id":6285,"href":"https:\/\/www.fotikozszolg.hu\/index.php?rest_route=\/wp\/v2\/pages\/4459\/revisions\/6285"}],"wp:attachment":[{"href":"https:\/\/www.fotikozszolg.hu\/index.php?rest_route=%2Fwp%2Fv2%2Fmedia&parent=4459"}],"curies":[{"name":"wp","href":"https:\/\/api.w.org\/{rel}","templated":true}]}}