{"id":4443,"date":"2025-03-19T12:06:30","date_gmt":"2025-03-19T11:06:30","guid":{"rendered":"https:\/\/www.fotikozszolg.hu\/?page_id=4443"},"modified":"2026-03-31T08:34:48","modified_gmt":"2026-03-31T06:34:48","slug":"somlyo-to-terulet-hasznalati-dijtete-dijetelei","status":"publish","type":"page","link":"https:\/\/www.fotikozszolg.hu\/?page_id=4443","title":{"rendered":"Somly\u00f3 t\u00f3 ter\u00fclet haszn\u00e1lati d\u00edjt\u00e9telei"},"content":{"rendered":"\t\t<div data-elementor-type=\"wp-page\" data-elementor-id=\"4443\" class=\"elementor elementor-4443\">\n\t\t\t\t<div class=\"elementor-element elementor-element-1795955 e-flex e-con-boxed e-con e-parent\" data-id=\"1795955\" data-element_type=\"container\">\n\t\t\t\t\t<div class=\"e-con-inner\">\n\t\t\t\t<div class=\"elementor-element elementor-element-1b354f8 elementor-widget elementor-widget-text-editor\" data-id=\"1b354f8\" data-element_type=\"widget\" data-widget_type=\"text-editor.default\">\n\t\t\t\t<div class=\"elementor-widget-container\">\n\t\t\t\t\t\t\t\t\t<p>F\u00f3t V\u00e1ros K\u00e9pvisel\u0151-test\u00fclete \u00e1ltal elfogadott Somly\u00f3 t\u00f3 k\u00f6r\u00fcli ter\u00fclet alkalmi haszn\u00e1lati d\u00edjt\u00e9telei:<\/p><ul><li><em> Lakoss\u00e1gi haszn\u00e1lat eset\u00e9n 20 f\u0151 alatt ingyenes, de bejelent\u00e9sk\u00f6teles<\/em><\/li><li><em> Lakoss\u00e1gi haszn\u00e1lat eset\u00e9n, 20 \u00e9s 50 f\u0151 k\u00f6z\u00f6tt f\u00f3ti bejelent\u0151 lakos eset\u00e9n: brutt\u00f3 6.000 Ft\/ alkalom, nem f\u00f3ti bejelent\u0151 lakos eset\u00e9n: brutt\u00f3 12.000 Ft\/ alkalom <\/em><\/li><\/ul><p><em>A 14 \u00e9v alatti\u00a0 gyerekek \u00e9s a 65 felettiek nem sz\u00e1m\u00edtanak bele a l\u00e9tsz\u00e1mba<\/em><\/p><ul><li><em> Lakoss\u00e1gi haszn\u00e1lat eset\u00e9n 50 f\u0151 felett f\u00f3ti bejelent\u0151 lakos eset\u00e9n: 1.200 Ft\/f\u0151, nem f\u00f3ti bejelent\u0151 lakos eset\u00e9n: 1.500 Ft\/f\u0151<\/em><\/li><\/ul><p><em>A 14 \u00e9v alatti gyerekek \u00e9s a 65 \u00e9v felettiek nem sz\u00e1m\u00edtanak bele a l\u00e9tsz\u00e1mba<\/em><\/p><ul><li><em> Nem f\u00f3ti oktat\u00e1si int\u00e9zm\u00e9ny eset\u00e9n 250 Ft\/f\u0151<\/em><\/li><li><em> Szervezeti rendezv\u00e9ny eset\u00e9n: 1.200 Ft\/f\u0151, de minimum 30.000 Ft<\/em><\/li><li><em> F\u00f3t V\u00e1ros \u00d6nkorm\u00e1nyzat K\u00e9pvisel\u0151-test\u00fclete ingyenes haszn\u00e1latot biztos\u00edt F\u00f3t V\u00e1ros \u00d6nkorm\u00e1nyzata \u00e9s int\u00e9zm\u00e9nyei, valamint a f\u00f3ti sz\u00e9khely\u0171 oktat\u00e1si int\u00e9zm\u00e9nyek sz\u00e1m\u00e1ra.<\/em><\/li><\/ul><p>Ter\u00fcletfoglal\u00e1ssal kapcsolatban id\u0151pont-egyeztet\u00e9s telefonon munkanapokon:\u00a0<\/p><p><strong>Rab Szil\u00e1rd<\/strong>\u00a0\u00a0<strong>+36\u00a070 855-1253<\/strong>\u00a0<\/p><p>E-mailben:\u00a0<a href=\"mailto:rab.szilard@fotikozszolg.hu\">rab.szilard@fotikozszolg.hu<\/a>\u00a0<\/p>\t\t\t\t\t\t\t\t<\/div>\n\t\t\t\t<\/div>\n\t\t\t\t\t<\/div>\n\t\t\t\t<\/div>\n\t\t\t\t<\/div>\n\t\t","protected":false},"excerpt":{"rendered":"<p>F\u00f3t V\u00e1ros K\u00e9pvisel\u0151-test\u00fclete \u00e1ltal elfogadott Somly\u00f3 t\u00f3 k\u00f6r\u00fcli ter\u00fclet alkalmi haszn\u00e1lati d\u00edjt\u00e9telei: Lakoss\u00e1gi haszn\u00e1lat eset\u00e9n 20 f\u0151 alatt ingyenes, de bejelent\u00e9sk\u00f6teles Lakoss\u00e1gi haszn\u00e1lat eset\u00e9n, 20&hellip;<\/p>\n","protected":false},"author":1,"featured_media":0,"parent":0,"menu_order":0,"comment_status":"closed","ping_status":"closed","template":"","meta":{"footnotes":""},"class_list":["post-4443","page","type-page","status-publish","hentry"],"_links":{"self":[{"href":"https:\/\/www.fotikozszolg.hu\/index.php?rest_route=\/wp\/v2\/pages\/4443","targetHints":{"allow":["GET"]}}],"collection":[{"href":"https:\/\/www.fotikozszolg.hu\/index.php?rest_route=\/wp\/v2\/pages"}],"about":[{"href":"https:\/\/www.fotikozszolg.hu\/index.php?rest_route=\/wp\/v2\/types\/page"}],"author":[{"embeddable":true,"href":"https:\/\/www.fotikozszolg.hu\/index.php?rest_route=\/wp\/v2\/users\/1"}],"replies":[{"embeddable":true,"href":"https:\/\/www.fotikozszolg.hu\/index.php?rest_route=%2Fwp%2Fv2%2Fcomments&post=4443"}],"version-history":[{"count":14,"href":"https:\/\/www.fotikozszolg.hu\/index.php?rest_route=\/wp\/v2\/pages\/4443\/revisions"}],"predecessor-version":[{"id":6479,"href":"https:\/\/www.fotikozszolg.hu\/index.php?rest_route=\/wp\/v2\/pages\/4443\/revisions\/6479"}],"wp:attachment":[{"href":"https:\/\/www.fotikozszolg.hu\/index.php?rest_route=%2Fwp%2Fv2%2Fmedia&parent=4443"}],"curies":[{"name":"wp","href":"https:\/\/api.w.org\/{rel}","templated":true}]}}