{"id":4441,"date":"2025-03-19T12:05:45","date_gmt":"2025-03-19T11:05:45","guid":{"rendered":"https:\/\/www.fotikozszolg.hu\/?page_id=4441"},"modified":"2026-03-31T08:24:14","modified_gmt":"2026-03-31T06:24:14","slug":"ifjusagi-epulet-berles","status":"publish","type":"page","link":"https:\/\/www.fotikozszolg.hu\/?page_id=4441","title":{"rendered":"Somly\u00f3 t\u00f3 Ifj\u00fas\u00e1gi \u00c9p\u00fclet b\u00e9rl\u00e9s"},"content":{"rendered":"\t\t<div data-elementor-type=\"wp-page\" data-elementor-id=\"4441\" class=\"elementor elementor-4441\">\n\t\t\t\t<div class=\"elementor-element elementor-element-a3de6c6 e-flex e-con-boxed e-con e-parent\" data-id=\"a3de6c6\" data-element_type=\"container\">\n\t\t\t\t\t<div class=\"e-con-inner\">\n\t\t\t\t<div class=\"elementor-element elementor-element-e49eae5 elementor-widget elementor-widget-text-editor\" data-id=\"e49eae5\" data-element_type=\"widget\" data-widget_type=\"text-editor.default\">\n\t\t\t\t<div class=\"elementor-widget-container\">\n\t\t\t\t\t\t\t\t\t<p>IFI h\u00e1z b\u00e9rl\u00e9se: 7.000 Ft \/ \u00f3ra (b\u00e9rleti szerz\u0151d\u00e9ssel)<\/p><p>F\u00f3ti oktat\u00e1si, nevel\u00e9si int\u00e9zm\u00e9nyeknek foglalkoz\u00e1sok, esem\u00e9nyek szervez\u00e9se c\u00e9lj\u00e1b\u00f3l 50% kedvezm\u00e9nyt biztos\u00edtunk (3.500 Ft \/ \u00f3ra)<\/p><p>Eszk\u00f6z\u00f6k b\u00e9rl\u00e9se:<\/p><p>BMX\/ROLLER\/G\u00d6RDESZKA b\u00e9rl\u00e9s : 1.000 Ft \/ \u00f3ra<\/p><p>S\u00f6rpadszett : 3.000 Ft \/ alkalom<\/p><p>Figyelem:<br \/>A s\u00f6rpadokat a helysz\u00ednen bel\u00fcli kijel\u00f6lt helyis\u00e9gb\u0151l lehet \u00e1tvenni. A padok, asztalok mozgat\u00e1sa, elrendez\u00e9se, \u00f6sszeszerel\u00e9se, valamint az adott helyis\u00e9gbe t\u00f6rt\u00e9n\u0151 visszasz\u00e1ll\u00edt\u00e1sa a b\u00e9rl\u0151 feladata.<\/p><p><span style=\"text-decoration: underline;\"><strong>Fontos inform\u00e1ci\u00f3<\/strong><\/span>: a Somly\u00f3-t\u00f3 Ifj\u00fas\u00e1gi \u00e9p\u00fclet b\u00e9rl\u00e9se el\u0151zetes foglal\u00e1shoz k\u00f6t\u00f6tt.<\/p><p>Id\u0151pont-egyeztet\u00e9s telefonon munkanapokon:\u00a0<\/p><p><span class=\"fs12lh1-5\"><b>Rab Szil\u00e1rd<\/b> \u00a0<strong>+36 <\/strong><\/span><span class=\"fs12lh1-5\"><b>70 855-1253<\/b>\u00a0<\/span><\/p><p><span class=\"fs12lh1-5\">E-mailben: <\/span><a href=\"mailto:rab.szilard@fotikozszolg.hu\"><span class=\"fs12lh1-5 cf2\">rab.szilard@fotikozszolg.hu<\/span><\/a><span class=\"fs12lh1-5\">\u00a0<\/span><\/p>\t\t\t\t\t\t\t\t<\/div>\n\t\t\t\t<\/div>\n\t\t\t\t\t<\/div>\n\t\t\t\t<\/div>\n\t\t<div class=\"elementor-element elementor-element-26135a8 e-flex e-con-boxed e-con e-parent\" data-id=\"26135a8\" data-element_type=\"container\">\n\t\t\t\t\t<div class=\"e-con-inner\">\n\t\t<div class=\"elementor-element elementor-element-85bf3d8 e-con-full e-flex e-con e-child\" data-id=\"85bf3d8\" data-element_type=\"container\">\n\t\t\t\t<div class=\"elementor-element elementor-element-a7a893f elementor-widget elementor-widget-image\" data-id=\"a7a893f\" data-element_type=\"widget\" data-widget_type=\"image.default\">\n\t\t\t\t<div class=\"elementor-widget-container\">\n\t\t\t\t\t\t\t\t\t\t\t\t\t\t\t<img fetchpriority=\"high\" decoding=\"async\" width=\"300\" height=\"225\" src=\"https:\/\/www.fotikozszolg.hu\/wp-content\/uploads\/2025\/04\/IMG_0822-300x225.jpeg\" class=\"attachment-medium size-medium wp-image-5393\" alt=\"\" srcset=\"https:\/\/www.fotikozszolg.hu\/wp-content\/uploads\/2025\/04\/IMG_0822-300x225.jpeg 300w, https:\/\/www.fotikozszolg.hu\/wp-content\/uploads\/2025\/04\/IMG_0822-1024x768.jpeg 1024w, https:\/\/www.fotikozszolg.hu\/wp-content\/uploads\/2025\/04\/IMG_0822-768x576.jpeg 768w, https:\/\/www.fotikozszolg.hu\/wp-content\/uploads\/2025\/04\/IMG_0822-1536x1152.jpeg 1536w, https:\/\/www.fotikozszolg.hu\/wp-content\/uploads\/2025\/04\/IMG_0822-2048x1536.jpeg 2048w\" sizes=\"(max-width: 300px) 100vw, 300px\" \/>\t\t\t\t\t\t\t\t\t\t\t\t\t\t\t<\/div>\n\t\t\t\t<\/div>\n\t\t\t\t<\/div>\n\t\t<div class=\"elementor-element elementor-element-6698da5 e-con-full e-flex e-con e-child\" data-id=\"6698da5\" data-element_type=\"container\">\n\t\t\t\t<div class=\"elementor-element elementor-element-b6b0d28 elementor-widget elementor-widget-image\" data-id=\"b6b0d28\" data-element_type=\"widget\" data-widget_type=\"image.default\">\n\t\t\t\t<div class=\"elementor-widget-container\">\n\t\t\t\t\t\t\t\t\t\t\t\t\t\t\t<img decoding=\"async\" src=\"https:\/\/www.fotikozszolg.hu\/wp-content\/uploads\/elementor\/thumbs\/281708049_537721578020252_2336886117888342404_n-r4fqxl6swzqon9orbnpcko77ab25luwny2bwgkqwcw.jpg\" title=\"281708049_537721578020252_2336886117888342404_n\" alt=\"281708049_537721578020252_2336886117888342404_n\" loading=\"lazy\" \/>\t\t\t\t\t\t\t\t\t\t\t\t\t\t\t<\/div>\n\t\t\t\t<\/div>\n\t\t\t\t<\/div>\n\t\t<div class=\"elementor-element elementor-element-c43f8a4 e-con-full e-flex e-con e-child\" data-id=\"c43f8a4\" data-element_type=\"container\">\n\t\t\t\t<div class=\"elementor-element elementor-element-2b1d035 elementor-widget elementor-widget-image\" data-id=\"2b1d035\" data-element_type=\"widget\" data-widget_type=\"image.default\">\n\t\t\t\t<div class=\"elementor-widget-container\">\n\t\t\t\t\t\t\t\t\t\t\t\t\t\t\t<img decoding=\"async\" width=\"843\" height=\"632\" src=\"https:\/\/www.fotikozszolg.hu\/wp-content\/uploads\/2025\/04\/IMG_5664-1024x768.jpg\" class=\"attachment-large size-large wp-image-5715\" alt=\"\" srcset=\"https:\/\/www.fotikozszolg.hu\/wp-content\/uploads\/2025\/04\/IMG_5664-1024x768.jpg 1024w, https:\/\/www.fotikozszolg.hu\/wp-content\/uploads\/2025\/04\/IMG_5664-300x225.jpg 300w, https:\/\/www.fotikozszolg.hu\/wp-content\/uploads\/2025\/04\/IMG_5664-768x576.jpg 768w, https:\/\/www.fotikozszolg.hu\/wp-content\/uploads\/2025\/04\/IMG_5664-1536x1152.jpg 1536w, https:\/\/www.fotikozszolg.hu\/wp-content\/uploads\/2025\/04\/IMG_5664-2048x1536.jpg 2048w\" sizes=\"(max-width: 843px) 100vw, 843px\" \/>\t\t\t\t\t\t\t\t\t\t\t\t\t\t\t<\/div>\n\t\t\t\t<\/div>\n\t\t\t\t<\/div>\n\t\t\t\t\t<\/div>\n\t\t\t\t<\/div>\n\t\t<div class=\"elementor-element elementor-element-977bbee e-flex e-con-boxed e-con e-parent\" data-id=\"977bbee\" data-element_type=\"container\">\n\t\t\t\t\t<div class=\"e-con-inner\">\n\t\t<div class=\"elementor-element elementor-element-fcd11e7 e-con-full e-flex e-con e-child\" data-id=\"fcd11e7\" data-element_type=\"container\">\n\t\t\t\t<div class=\"elementor-element elementor-element-d972f1d elementor-widget elementor-widget-image\" data-id=\"d972f1d\" data-element_type=\"widget\" data-widget_type=\"image.default\">\n\t\t\t\t<div class=\"elementor-widget-container\">\n\t\t\t\t\t\t\t\t\t\t\t\t\t\t\t<img decoding=\"async\" width=\"300\" height=\"199\" src=\"https:\/\/www.fotikozszolg.hu\/wp-content\/uploads\/2025\/04\/283614560_537722201353523_7239044747841895864_n-300x199.jpg\" class=\"attachment-medium size-medium wp-image-5720\" alt=\"\" srcset=\"https:\/\/www.fotikozszolg.hu\/wp-content\/uploads\/2025\/04\/283614560_537722201353523_7239044747841895864_n-300x199.jpg 300w, https:\/\/www.fotikozszolg.hu\/wp-content\/uploads\/2025\/04\/283614560_537722201353523_7239044747841895864_n-1024x678.jpg 1024w, https:\/\/www.fotikozszolg.hu\/wp-content\/uploads\/2025\/04\/283614560_537722201353523_7239044747841895864_n-768x509.jpg 768w, https:\/\/www.fotikozszolg.hu\/wp-content\/uploads\/2025\/04\/283614560_537722201353523_7239044747841895864_n-1536x1017.jpg 1536w, https:\/\/www.fotikozszolg.hu\/wp-content\/uploads\/2025\/04\/283614560_537722201353523_7239044747841895864_n.jpg 2048w\" sizes=\"(max-width: 300px) 100vw, 300px\" \/>\t\t\t\t\t\t\t\t\t\t\t\t\t\t\t<\/div>\n\t\t\t\t<\/div>\n\t\t\t\t<\/div>\n\t\t\t\t\t<\/div>\n\t\t\t\t<\/div>\n\t\t\t\t<\/div>\n\t\t","protected":false},"excerpt":{"rendered":"<p>IFI h\u00e1z b\u00e9rl\u00e9se: 7.000 Ft \/ \u00f3ra (b\u00e9rleti szerz\u0151d\u00e9ssel) F\u00f3ti oktat\u00e1si, nevel\u00e9si int\u00e9zm\u00e9nyeknek foglalkoz\u00e1sok, esem\u00e9nyek szervez\u00e9se c\u00e9lj\u00e1b\u00f3l 50% kedvezm\u00e9nyt biztos\u00edtunk (3.500 Ft \/ \u00f3ra) Eszk\u00f6z\u00f6k&hellip;<\/p>\n","protected":false},"author":1,"featured_media":0,"parent":0,"menu_order":0,"comment_status":"closed","ping_status":"closed","template":"","meta":{"footnotes":""},"class_list":["post-4441","page","type-page","status-publish","hentry"],"_links":{"self":[{"href":"https:\/\/www.fotikozszolg.hu\/index.php?rest_route=\/wp\/v2\/pages\/4441","targetHints":{"allow":["GET"]}}],"collection":[{"href":"https:\/\/www.fotikozszolg.hu\/index.php?rest_route=\/wp\/v2\/pages"}],"about":[{"href":"https:\/\/www.fotikozszolg.hu\/index.php?rest_route=\/wp\/v2\/types\/page"}],"author":[{"embeddable":true,"href":"https:\/\/www.fotikozszolg.hu\/index.php?rest_route=\/wp\/v2\/users\/1"}],"replies":[{"embeddable":true,"href":"https:\/\/www.fotikozszolg.hu\/index.php?rest_route=%2Fwp%2Fv2%2Fcomments&post=4441"}],"version-history":[{"count":54,"href":"https:\/\/www.fotikozszolg.hu\/index.php?rest_route=\/wp\/v2\/pages\/4441\/revisions"}],"predecessor-version":[{"id":6475,"href":"https:\/\/www.fotikozszolg.hu\/index.php?rest_route=\/wp\/v2\/pages\/4441\/revisions\/6475"}],"wp:attachment":[{"href":"https:\/\/www.fotikozszolg.hu\/index.php?rest_route=%2Fwp%2Fv2%2Fmedia&parent=4441"}],"curies":[{"name":"wp","href":"https:\/\/api.w.org\/{rel}","templated":true}]}}