{"id":4436,"date":"2025-03-19T12:05:02","date_gmt":"2025-03-19T11:05:02","guid":{"rendered":"https:\/\/www.fotikozszolg.hu\/?page_id=4436"},"modified":"2025-04-07T12:13:33","modified_gmt":"2025-04-07T10:13:33","slug":"piac","status":"publish","type":"page","link":"https:\/\/www.fotikozszolg.hu\/?page_id=4436","title":{"rendered":"Piac"},"content":{"rendered":"\t\t<div data-elementor-type=\"wp-page\" data-elementor-id=\"4436\" class=\"elementor elementor-4436\">\n\t\t\t\t<div class=\"elementor-element elementor-element-11cad98 e-flex e-con-boxed e-con e-parent\" data-id=\"11cad98\" data-element_type=\"container\">\n\t\t\t\t\t<div class=\"e-con-inner\">\n\t\t\t\t<div class=\"elementor-element elementor-element-2df39db elementor-widget elementor-widget-text-editor\" data-id=\"2df39db\" data-element_type=\"widget\" data-widget_type=\"text-editor.default\">\n\t\t\t\t<div class=\"elementor-widget-container\">\n\t\t\t\t\t\t\t\t\t<h3 class=\"p2\">\u00daj V\u00e1rosi Piac F\u00f3ton<\/h3><p class=\"p3\">A 2024 \u00e9vi advent vas\u00e1rnapi rendezv\u00e9nyek sikere ut\u00e1n 2025. \u00e1prilis 5-\u00e9n megnyitotta kapuit az \u00faj V\u00e1rosi Piac F\u00f3ton, a V\u00f6r\u00f6smarty t\u00e9r 10. sz\u00e1m alatt.<\/p><p class=\"p3\">A F\u00f3t V\u00e1ros \u00d6nkorm\u00e1nyzat \u00e9s a F\u00f3ti K\u00f6zszolg\u00e1ltat\u00f3 Nonprofit Kft. k\u00f6z\u00f6tt l\u00e9trej\u00f6tt \u00dczemeltet\u00e9si szerz\u0151d\u00e9s \u00e9rtelm\u00e9ben els\u0151sorban a f\u00f3ti \u0151stermel\u0151knek, kistermel\u0151knek \u00e9s keresked\u0151knek teremt\u00fcnk lehet\u0151s\u00e9get term\u00e9keik \u00e9rt\u00e9kes\u00edt\u00e9s\u00e9re, de a v\u00e1laszt\u00e9k b\u0151v\u00edt\u00e9se \u00e9rdek\u00e9ben a k\u00f6zeli telep\u00fcl\u00e9sekr\u0151l is \u00f6r\u00f6mmel fogadunk \u00e1rusokat.<\/p><p class=\"p3\">Az \u00daj V\u00e1rosi Piac azzal a sz\u00e1nd\u00e9kkal nyitotta meg kapuit, hogy igazi, kisv\u00e1rosi piac legyen, a v\u00e1s\u00e1rl\u00e1s mellett legyen lehet\u0151s\u00e9g megtekinteni a k\u00e9zm\u0171vesek alkot\u00e1sait, \u00faj \u00edzeket k\u00f3stolni \u00e9s nem utols\u00f3 sorban besz\u00e9lgetni \u00e1russal, v\u00e1s\u00e1rl\u00f3val, ismer\u0151ssel \u00e9s ismeretlennel.<\/p><p class=\"p3\">10 \u00e1rus\u00edt\u00f3 pavilon mellett 30 egy\u00e9b \u00e1rus\u00edt\u00f3hellyel (fedett \u00e9s nyitott r\u00e9szen elhelyezett asztalok, \u00e1rus\u00edt\u00f3kocsik \u00e9s food track be\u00e1ll\u00e1s lehet\u0151s\u00e9g) v\u00e1rjuk az \u00e1rusokat \u00e1s v\u00e1s\u00e1rl\u00f3kat.<\/p><p class=\"p3\">K\u00f6z\u00f6ss\u00e9gi t\u00e9rk\u00e9nt is tervezz\u00fck m\u0171k\u00f6dtetni, teret adva kisebb-nagyobb v\u00e1rosi rendezv\u00e9nynek, kultur\u00e1lis programnak, koncertnek.<\/p><p class=\"p3\">A piac h\u00e9tk\u00f6znap 7 \u00e9s 17 \u00f3ra k\u00f6z\u00f6tt ingyenesen biztos\u00edt \u00e1rus\u00edt\u00e1si lehet\u0151s\u00e9get a f\u00f3ti \u0151stermel\u0151knek \u00e9s kistermel\u0151knek, a \u201enagypiac\u201d minden szombaton 7 \u00e9s 12 \u00f3ra k\u00f6z\u00f6tt v\u00e1rja a v\u00e1s\u00e1rl\u00f3kat.<\/p><p class=\"p3\">Tov\u00e1bbi inform\u00e1ci\u00f3k, jelentkez\u00e9s \u00e1rus\u00edt\u00e1sra:<\/p><p class=\"p3\">Jenei L\u00e1szl\u00f3 piacszervez\u0151\u00a0\u00a0\u00a0\u00a0\u00a0 e-mail: <a href=\"mailto:piac@fot.hu\"><span class=\"s1\">piac@fot.hu<\/span><\/a>; telefon: +36 30\u00a0258 9162<\/p>\t\t\t\t\t\t\t\t<\/div>\n\t\t\t\t<\/div>\n\t\t\t\t\t<\/div>\n\t\t\t\t<\/div>\n\t\t<div class=\"elementor-element elementor-element-9ec113c e-flex e-con-boxed e-con e-parent\" data-id=\"9ec113c\" data-element_type=\"container\">\n\t\t\t\t\t<div class=\"e-con-inner\">\n\t\t<div class=\"elementor-element elementor-element-501d092 e-con-full e-flex e-con e-child\" data-id=\"501d092\" data-element_type=\"container\">\n\t\t\t\t<div class=\"elementor-element elementor-element-c208da6 elementor-widget elementor-widget-image\" data-id=\"c208da6\" data-element_type=\"widget\" data-widget_type=\"image.default\">\n\t\t\t\t<div class=\"elementor-widget-container\">\n\t\t\t\t\t\t\t\t\t\t\t\t\t\t\t<img fetchpriority=\"high\" decoding=\"async\" width=\"843\" height=\"633\" src=\"https:\/\/www.fotikozszolg.hu\/wp-content\/uploads\/2025\/04\/IMG_20250403_075044-1024x769.jpg\" class=\"attachment-large size-large wp-image-5035\" alt=\"\" srcset=\"https:\/\/www.fotikozszolg.hu\/wp-content\/uploads\/2025\/04\/IMG_20250403_075044-1024x769.jpg 1024w, https:\/\/www.fotikozszolg.hu\/wp-content\/uploads\/2025\/04\/IMG_20250403_075044-300x225.jpg 300w, https:\/\/www.fotikozszolg.hu\/wp-content\/uploads\/2025\/04\/IMG_20250403_075044-768x577.jpg 768w, https:\/\/www.fotikozszolg.hu\/wp-content\/uploads\/2025\/04\/IMG_20250403_075044-1536x1154.jpg 1536w, https:\/\/www.fotikozszolg.hu\/wp-content\/uploads\/2025\/04\/IMG_20250403_075044-2048x1538.jpg 2048w\" sizes=\"(max-width: 843px) 100vw, 843px\" \/>\t\t\t\t\t\t\t\t\t\t\t\t\t\t\t<\/div>\n\t\t\t\t<\/div>\n\t\t\t\t<\/div>\n\t\t<div class=\"elementor-element elementor-element-bdfe80e e-con-full e-flex e-con e-child\" data-id=\"bdfe80e\" data-element_type=\"container\">\n\t\t\t\t<div class=\"elementor-element elementor-element-584b806 elementor-widget elementor-widget-image\" data-id=\"584b806\" data-element_type=\"widget\" data-widget_type=\"image.default\">\n\t\t\t\t<div class=\"elementor-widget-container\">\n\t\t\t\t\t\t\t\t\t\t\t\t\t\t\t<img decoding=\"async\" width=\"843\" height=\"633\" src=\"https:\/\/www.fotikozszolg.hu\/wp-content\/uploads\/2025\/04\/488866695_122125258706786468_4781068145492838148_n-1024x769.jpg\" class=\"attachment-large size-large wp-image-5034\" alt=\"\" srcset=\"https:\/\/www.fotikozszolg.hu\/wp-content\/uploads\/2025\/04\/488866695_122125258706786468_4781068145492838148_n-1024x769.jpg 1024w, https:\/\/www.fotikozszolg.hu\/wp-content\/uploads\/2025\/04\/488866695_122125258706786468_4781068145492838148_n-300x225.jpg 300w, https:\/\/www.fotikozszolg.hu\/wp-content\/uploads\/2025\/04\/488866695_122125258706786468_4781068145492838148_n-768x577.jpg 768w, https:\/\/www.fotikozszolg.hu\/wp-content\/uploads\/2025\/04\/488866695_122125258706786468_4781068145492838148_n-1536x1154.jpg 1536w, https:\/\/www.fotikozszolg.hu\/wp-content\/uploads\/2025\/04\/488866695_122125258706786468_4781068145492838148_n.jpg 2048w\" sizes=\"(max-width: 843px) 100vw, 843px\" \/>\t\t\t\t\t\t\t\t\t\t\t\t\t\t\t<\/div>\n\t\t\t\t<\/div>\n\t\t\t\t<\/div>\n\t\t<div class=\"elementor-element elementor-element-248c1f9 e-con-full e-flex e-con e-child\" data-id=\"248c1f9\" data-element_type=\"container\">\n\t\t\t\t<div class=\"elementor-element elementor-element-83e5a42 elementor-widget elementor-widget-image\" data-id=\"83e5a42\" data-element_type=\"widget\" data-widget_type=\"image.default\">\n\t\t\t\t<div class=\"elementor-widget-container\">\n\t\t\t\t\t\t\t\t\t\t\t\t\t\t\t<img decoding=\"async\" width=\"843\" height=\"633\" src=\"https:\/\/www.fotikozszolg.hu\/wp-content\/uploads\/2025\/04\/488222992_122125258622786468_5052706765832880035_n-1024x769.jpg\" class=\"attachment-large size-large wp-image-5033\" alt=\"\" srcset=\"https:\/\/www.fotikozszolg.hu\/wp-content\/uploads\/2025\/04\/488222992_122125258622786468_5052706765832880035_n-1024x769.jpg 1024w, https:\/\/www.fotikozszolg.hu\/wp-content\/uploads\/2025\/04\/488222992_122125258622786468_5052706765832880035_n-300x225.jpg 300w, https:\/\/www.fotikozszolg.hu\/wp-content\/uploads\/2025\/04\/488222992_122125258622786468_5052706765832880035_n-768x577.jpg 768w, https:\/\/www.fotikozszolg.hu\/wp-content\/uploads\/2025\/04\/488222992_122125258622786468_5052706765832880035_n-1536x1154.jpg 1536w, https:\/\/www.fotikozszolg.hu\/wp-content\/uploads\/2025\/04\/488222992_122125258622786468_5052706765832880035_n.jpg 2048w\" sizes=\"(max-width: 843px) 100vw, 843px\" \/>\t\t\t\t\t\t\t\t\t\t\t\t\t\t\t<\/div>\n\t\t\t\t<\/div>\n\t\t\t\t<\/div>\n\t\t<div class=\"elementor-element elementor-element-e2533cf e-con-full e-flex e-con e-child\" data-id=\"e2533cf\" data-element_type=\"container\">\n\t\t\t\t<div class=\"elementor-element elementor-element-46ab3e1 elementor-widget elementor-widget-image\" data-id=\"46ab3e1\" data-element_type=\"widget\" data-widget_type=\"image.default\">\n\t\t\t\t<div class=\"elementor-widget-container\">\n\t\t\t\t\t\t\t\t\t\t\t\t\t\t\t<img loading=\"lazy\" decoding=\"async\" width=\"843\" height=\"633\" src=\"https:\/\/www.fotikozszolg.hu\/wp-content\/uploads\/2025\/04\/piac-1024x769.jpg\" class=\"attachment-large size-large wp-image-5036\" alt=\"\" srcset=\"https:\/\/www.fotikozszolg.hu\/wp-content\/uploads\/2025\/04\/piac-1024x769.jpg 1024w, https:\/\/www.fotikozszolg.hu\/wp-content\/uploads\/2025\/04\/piac-300x225.jpg 300w, https:\/\/www.fotikozszolg.hu\/wp-content\/uploads\/2025\/04\/piac-768x577.jpg 768w, https:\/\/www.fotikozszolg.hu\/wp-content\/uploads\/2025\/04\/piac.jpg 1535w\" sizes=\"(max-width: 843px) 100vw, 843px\" \/>\t\t\t\t\t\t\t\t\t\t\t\t\t\t\t<\/div>\n\t\t\t\t<\/div>\n\t\t\t\t<\/div>\n\t\t\t\t\t<\/div>\n\t\t\t\t<\/div>\n\t\t<div class=\"elementor-element elementor-element-0b77110 e-flex e-con-boxed e-con e-parent\" data-id=\"0b77110\" data-element_type=\"container\">\n\t\t\t\t\t<div class=\"e-con-inner\">\n\t\t\t\t<div class=\"elementor-element elementor-element-a760df8 elementor-widget elementor-widget-google_maps\" data-id=\"a760df8\" data-element_type=\"widget\" data-widget_type=\"google_maps.default\">\n\t\t\t\t<div class=\"elementor-widget-container\">\n\t\t\t\t\t\t\t<div class=\"elementor-custom-embed\">\n\t\t\t<iframe loading=\"lazy\"\n\t\t\t\t\tsrc=\"https:\/\/maps.google.com\/maps?q=F%C3%B3t%20V%C3%B6r%C3%B6smarty%20t%C3%A9r%2010.&#038;t=m&#038;z=10&#038;output=embed&#038;iwloc=near\"\n\t\t\t\t\ttitle=\"F\u00f3t V\u00f6r\u00f6smarty t\u00e9r 10.\"\n\t\t\t\t\taria-label=\"F\u00f3t V\u00f6r\u00f6smarty t\u00e9r 10.\"\n\t\t\t><\/iframe>\n\t\t<\/div>\n\t\t\t\t\t\t<\/div>\n\t\t\t\t<\/div>\n\t\t\t\t\t<\/div>\n\t\t\t\t<\/div>\n\t\t\t\t<\/div>\n\t\t","protected":false},"excerpt":{"rendered":"<p>\u00daj V\u00e1rosi Piac F\u00f3ton A 2024 \u00e9vi advent vas\u00e1rnapi rendezv\u00e9nyek sikere ut\u00e1n 2025. \u00e1prilis 5-\u00e9n megnyitotta kapuit az \u00faj V\u00e1rosi Piac F\u00f3ton, a V\u00f6r\u00f6smarty t\u00e9r&hellip;<\/p>\n","protected":false},"author":1,"featured_media":0,"parent":0,"menu_order":0,"comment_status":"closed","ping_status":"closed","template":"","meta":{"footnotes":""},"class_list":["post-4436","page","type-page","status-publish","hentry"],"_links":{"self":[{"href":"https:\/\/www.fotikozszolg.hu\/index.php?rest_route=\/wp\/v2\/pages\/4436","targetHints":{"allow":["GET"]}}],"collection":[{"href":"https:\/\/www.fotikozszolg.hu\/index.php?rest_route=\/wp\/v2\/pages"}],"about":[{"href":"https:\/\/www.fotikozszolg.hu\/index.php?rest_route=\/wp\/v2\/types\/page"}],"author":[{"embeddable":true,"href":"https:\/\/www.fotikozszolg.hu\/index.php?rest_route=\/wp\/v2\/users\/1"}],"replies":[{"embeddable":true,"href":"https:\/\/www.fotikozszolg.hu\/index.php?rest_route=%2Fwp%2Fv2%2Fcomments&post=4436"}],"version-history":[{"count":11,"href":"https:\/\/www.fotikozszolg.hu\/index.php?rest_route=\/wp\/v2\/pages\/4436\/revisions"}],"predecessor-version":[{"id":5042,"href":"https:\/\/www.fotikozszolg.hu\/index.php?rest_route=\/wp\/v2\/pages\/4436\/revisions\/5042"}],"wp:attachment":[{"href":"https:\/\/www.fotikozszolg.hu\/index.php?rest_route=%2Fwp%2Fv2%2Fmedia&parent=4436"}],"curies":[{"name":"wp","href":"https:\/\/api.w.org\/{rel}","templated":true}]}}